{"id":8,"date":"2016-03-26T23:49:46","date_gmt":"2016-03-26T23:49:46","guid":{"rendered":"http:\/\/www.angyalvendeghaz.hu\/?page_id=8"},"modified":"2026-04-16T14:38:48","modified_gmt":"2026-04-16T13:38:48","slug":"vendeghaz","status":"publish","type":"page","link":"http:\/\/www.angyalvendeghaz.hu\/en\/guesthouse\/","title":{"rendered":"Guesthouse"},"content":{"rendered":"<p><div class=\"col-2-1\"><\/p>\n<h2>About us<\/h2>\n<p>The Angyal Guesthouse and Tokaji Wine Bar is situated at the central of Hajd\u00faszoboszl\u00f3, opposite the main entrance of the town spa, at the J\u00f3kai st. 17. Because of its location every sight and programme can be reached by a comfortable walk. The railway station is only few minutes far by taxi, the bus station is only 200 meters far from our guesthouse.<\/p>\n<p>Our renovated, familiar guesthouse has paved parking places and a moody wine bar in its basement. Guest can use free Wi-Fi in the whole guesthouse.<\/p>\n<p>At the ground floor a spacious living room, dining room and a well-equipped kitchen can be found.<\/p>\n<p>On the first floor 5 rooms can be used: a 5-bedded family apartment, three double rooms and a 3-bedded room, all of them has a balcony.<\/p>\n<p>On the second floor two apartments with balcony for 2+2 people\u00a0 and two 2-bedded apartments can be found, which can be air-conditioned for request.<\/p>\n<p>&nbsp;<\/p>\n\n\t\t<!-- MasterSlider -->\n\t\t<div id=\"P_MS69f4575310629\" class=\"master-slider-parent msl ms-parent-id-2\" style=\"max-width:1000px;\">\n\n\t\t\t\n\t\t\t<!-- MasterSlider Main -->\n\t\t\t<div id=\"MS69f4575310629\" class=\"master-slider ms-skin-default\" >\n\t\t\t\t \t\t\t\t \n\t\t\t\t<div  class=\"ms-slide\" data-delay=\"3\" data-fill-mode=\"fill\"  >\n\t\t\t\t\t<img decoding=\"async\" src=\"http:\/\/www.angyalvendeghaz.hu\/wp-content\/plugins\/master-slider\/public\/assets\/css\/blank.gif\" alt=\"\" title=\"\" data-src=\"http:\/\/www.angyalvendeghaz.hu\/wp-content\/uploads\/2024\/05\/ZOZ_5790-1.jpg\" \/>\n\n\n\t<div class=\"ms-thumb\" ><div class=\"ms-tab-context\"><div class=&quot;ms-tab-context&quot;><\/div><\/div>\n<\/div>\n\t\t\t\t<\/div>\n\t\t\t\t<div  class=\"ms-slide\" data-delay=\"3\" data-fill-mode=\"fill\"  >\n\t\t\t\t\t<img decoding=\"async\" src=\"http:\/\/www.angyalvendeghaz.hu\/wp-content\/plugins\/master-slider\/public\/assets\/css\/blank.gif\" alt=\"\" title=\"\" data-src=\"http:\/\/www.angyalvendeghaz.hu\/wp-content\/uploads\/2024\/05\/ZOZ_5839.jpg\" \/>\n\n\n\t<div class=\"ms-thumb\" ><div class=\"ms-tab-context\"><div class=&quot;ms-tab-context&quot;><\/div><\/div>\n<\/div>\n\t\t\t\t<\/div>\n\t\t\t\t<div  class=\"ms-slide\" data-delay=\"3\" data-fill-mode=\"fill\"  >\n\t\t\t\t\t<img decoding=\"async\" src=\"http:\/\/www.angyalvendeghaz.hu\/wp-content\/plugins\/master-slider\/public\/assets\/css\/blank.gif\" alt=\"\" title=\"\" data-src=\"http:\/\/www.angyalvendeghaz.hu\/wp-content\/uploads\/2024\/05\/ZOZ_5782-1.jpg\" \/>\n\n\n\t<div class=\"ms-thumb\" ><div class=\"ms-tab-context\"><div class=&quot;ms-tab-context&quot;><\/div><\/div>\n<\/div>\n\t\t\t\t<\/div>\n\t\t\t\t<div  class=\"ms-slide\" data-delay=\"3\" data-fill-mode=\"fill\"  >\n\t\t\t\t\t<img decoding=\"async\" src=\"http:\/\/www.angyalvendeghaz.hu\/wp-content\/plugins\/master-slider\/public\/assets\/css\/blank.gif\" alt=\"\" title=\"\" data-src=\"http:\/\/www.angyalvendeghaz.hu\/wp-content\/uploads\/2024\/05\/ZOZ_5878_nyers.jpg\" \/>\n\n\n\t<div class=\"ms-thumb\" ><div class=\"ms-tab-context\"><div class=&quot;ms-tab-context&quot;><\/div><\/div>\n<\/div>\n\t\t\t\t<\/div>\n\t\t\t\t<div  class=\"ms-slide\" data-delay=\"3\" data-fill-mode=\"fill\"  >\n\t\t\t\t\t<img decoding=\"async\" src=\"http:\/\/www.angyalvendeghaz.hu\/wp-content\/plugins\/master-slider\/public\/assets\/css\/blank.gif\" alt=\"\" title=\"\" data-src=\"http:\/\/www.angyalvendeghaz.hu\/wp-content\/uploads\/2024\/05\/ZOZ_5858_nyers.jpg\" \/>\n\n\n\t<div class=\"ms-thumb\" ><div class=\"ms-tab-context\"><div class=&quot;ms-tab-context&quot;><\/div><\/div>\n<\/div>\n\t\t\t\t<\/div>\n\t\t\t\t<div  class=\"ms-slide\" data-delay=\"3\" data-fill-mode=\"fill\"  >\n\t\t\t\t\t<img decoding=\"async\" src=\"http:\/\/www.angyalvendeghaz.hu\/wp-content\/plugins\/master-slider\/public\/assets\/css\/blank.gif\" alt=\"\" title=\"\" data-src=\"http:\/\/www.angyalvendeghaz.hu\/wp-content\/uploads\/2024\/05\/ZOZ_5852_nyers.jpg\" \/>\n\n\n\t<div class=\"ms-thumb\" ><div class=\"ms-tab-context\"><div class=&quot;ms-tab-context&quot;><\/div><\/div>\n<\/div>\n\t\t\t\t<\/div>\n\n\t\t\t<\/div>\n\t\t\t<!-- END MasterSlider Main -->\n\n\t\t\t \n\t\t<\/div>\n\t\t<!-- END MasterSlider -->\n\n\t\t<script>\n\t\t(function ( $ ) {\n\t\t\t\"use strict\";\n\n\t\t\t$(function () {\n\t\t\t\tvar masterslider_0629 = new MasterSlider();\n\n\t\t\t\t\/\/ slider controls\n\t\t\t\tmasterslider_0629.control('arrows'     ,{ autohide:true, overVideo:true  });\n\t\t\t\t\/\/ slider setup\n\t\t\t\tmasterslider_0629.setup(\"MS69f4575310629\", {\n\t\t\t\t\t\twidth           : 1000,\n\t\t\t\t\t\theight          : 500,\n\t\t\t\t\t\tminHeight       : 0,\n\t\t\t\t\t\tspace           : 0,\n\t\t\t\t\t\tstart           : 1,\n\t\t\t\t\t\tgrabCursor      : true,\n\t\t\t\t\t\tswipe           : true,\n\t\t\t\t\t\tmouse           : true,\n\t\t\t\t\t\tlayout          : \"boxed\",\n\t\t\t\t\t\twheel           : false,\n\t\t\t\t\t\tautoplay        : false,\n\t\t\t\t\t\tinstantStartLayers:false,\n\t\t\t\t\t\tloop            : false,\n\t\t\t\t\t\tshuffle         : false,\n\t\t\t\t\t\tpreload         : 0,\n\t\t\t\t\t\theightLimit     : true,\n\t\t\t\t\t\tautoHeight      : false,\n\t\t\t\t\t\tsmoothHeight    : true,\n\t\t\t\t\t\tendPause        : false,\n\t\t\t\t\t\toverPause       : true,\n\t\t\t\t\t\tfillMode        : \"fill\",\n\t\t\t\t\t\tcenterControls  : true,\n\t\t\t\t\t\tstartOnAppear   : false,\n\t\t\t\t\t\tlayersMode      : \"center\",\n\t\t\t\t\t\thideLayers      : false,\n\t\t\t\t\t\tfullscreenMargin: 0,\n\t\t\t\t\t\tspeed           : 20,\n\t\t\t\t\t\tdir             : \"h\",\n\t\t\t\t\t\tparallaxMode    : 'swipe',\n\t\t\t\t\t\tview            : \"basic\"\n\t\t\t\t});\n\n\t\t\t\t\n\t\t\t\twindow.masterslider_instances = window.masterslider_instances || [];\n\t\t\t\twindow.masterslider_instances.push( masterslider_0629 );\n\t\t\t });\n\n\t\t})(jQuery);\n\t\t<\/script>\n\n\n<p>&nbsp;<\/p>\n<p>&nbsp;<\/p>\n<\/div>\n<div class=\"col-2-2\">\n<h2>Prices<\/h2>\n<p>Minimum stay of 2 nights<\/p>\n<table class=\"table-prices\" style=\"height: 96px;\">\n<tbody>\n<tr style=\"height: 24px;\">\n<th style=\"height: 24px;\" colspan=\"2\">In high season (15.06-.31.08.)<\/th>\n<\/tr>\n<tr style=\"height: 24px;\">\n<td style=\"height: 24px;\">2-bedded room<\/td>\n<td style=\"height: 24px;\">24.000 HUF \/ room \/ night<\/td>\n<\/tr>\n<tr style=\"height: 24px;\">\n<td style=\"height: 24px;\">2-bedded apartment<\/td>\n<td style=\"height: 24px;\">24.000 HUF \/ apartment \/ night<\/td>\n<\/tr>\n<tr style=\"height: 24px;\">\n<td style=\"height: 24px;\">3-bedded room<\/td>\n<td style=\"height: 24px;\">36.000 HUF \/ room \/ night<\/td>\n<\/tr>\n<\/tbody>\n<\/table>\n<p>Extra fee for one night stay: 1500.-HUF \/person \/ night<\/p>\n<table class=\"table-prices\">\n<tbody>\n<tr style=\"height: 24px;\">\n<th style=\"height: 24px;\" colspan=\"2\">Highlighted season (18.08.2025.-.22.08.2025)<\/p>\n<p>(Minimum stay of 3 nights)<\/th>\n<\/tr>\n<tr style=\"height: 24px;\">\n<td style=\"height: 24px;\">2-bedded room<\/td>\n<td style=\"height: 24px;\">24.000 HUF \/ room \/ night<\/td>\n<\/tr>\n<tr style=\"height: 24px;\">\n<td style=\"height: 24px;\">2-bedded apartment<\/td>\n<td style=\"height: 24px;\">24.000 HUF \/ apartment \/ night<\/td>\n<\/tr>\n<tr style=\"height: 24px;\">\n<td style=\"height: 24px;\">3-bedded room<\/td>\n<td style=\"height: 24px;\">36.000 HUF \/ room \/ night<\/td>\n<\/tr>\n<\/tbody>\n<\/table>\n<p>Extra fee for one night stay: 1500.-HUF \/person \/ night<\/p>\n<p>&nbsp;<\/p>\n<p><a href=\"http:\/\/www.angyalvendeghaz.hu\/en\/reservation\/\">K\u00e9rjen aj\u00e1nlatot \u00e9s foglaljon!<\/a><\/p>\n<p>&nbsp;<\/p>\n<table class=\"table-prices\" style=\"height: 96px;\">\n<tbody>\n<tr style=\"height: 24px;\">\n<th style=\"height: 24px;\" colspan=\"2\">In low season (01.09.2024.-14.06.2025)<\/th>\n<\/tr>\n<tr style=\"height: 24px;\">\n<td style=\"height: 24px;\">2-bedded room<\/td>\n<td style=\"height: 24px;\">20.000 HUF \/ room \/ night<\/td>\n<\/tr>\n<tr style=\"height: 24px;\">\n<td style=\"height: 24px;\">2-bedded apartment<\/td>\n<td style=\"height: 24px;\">20.000 HUF \/ apartment \/ night<\/td>\n<\/tr>\n<tr style=\"height: 24px;\">\n<td style=\"height: 24px;\">3-beddded room<\/td>\n<td style=\"height: 24px;\">30.000 HUF \/ room \/ night<\/td>\n<\/tr>\n<\/tbody>\n<\/table>\n<p>Extra fee for one night stay: 1500.-HUF \/person \/ night<\/p>\n<p><a href=\"http:\/\/www.angyalvendeghaz.hu\/en\/reservation\/\">K\u00e9rjen aj\u00e1nlatot \u00e9s foglaljon!<\/a><\/p>\n<p>The prices don&#8217;t inclusive the city tax which is 700.- HUF \/ person \/ night (over the age of 18).<\/p>\n<p><\/div><\/p>","protected":false},"excerpt":{"rendered":"<p>About us The Angyal Guesthouse and Tokaji Wine Bar is situated at the central of Hajd\u00faszoboszl\u00f3, opposite the main entrance of the town spa, at the J\u00f3kai st. 17. Because of its location every sight and programme can be reached by a comfortable walk. The railway station is only few minutes far by taxi, the [&hellip;]<\/p>\n","protected":false},"author":1,"featured_media":0,"parent":0,"menu_order":0,"comment_status":"closed","ping_status":"closed","template":"","meta":{"footnotes":""},"class_list":["post-8","page","type-page","status-publish","hentry"],"_links":{"self":[{"href":"http:\/\/www.angyalvendeghaz.hu\/en\/wp-json\/wp\/v2\/pages\/8","targetHints":{"allow":["GET"]}}],"collection":[{"href":"http:\/\/www.angyalvendeghaz.hu\/en\/wp-json\/wp\/v2\/pages"}],"about":[{"href":"http:\/\/www.angyalvendeghaz.hu\/en\/wp-json\/wp\/v2\/types\/page"}],"author":[{"embeddable":true,"href":"http:\/\/www.angyalvendeghaz.hu\/en\/wp-json\/wp\/v2\/users\/1"}],"replies":[{"embeddable":true,"href":"http:\/\/www.angyalvendeghaz.hu\/en\/wp-json\/wp\/v2\/comments?post=8"}],"version-history":[{"count":132,"href":"http:\/\/www.angyalvendeghaz.hu\/en\/wp-json\/wp\/v2\/pages\/8\/revisions"}],"predecessor-version":[{"id":374,"href":"http:\/\/www.angyalvendeghaz.hu\/en\/wp-json\/wp\/v2\/pages\/8\/revisions\/374"}],"wp:attachment":[{"href":"http:\/\/www.angyalvendeghaz.hu\/en\/wp-json\/wp\/v2\/media?parent=8"}],"curies":[{"name":"wp","href":"https:\/\/api.w.org\/{rel}","templated":true}]}}